{"id":931,"date":"2023-01-08T18:39:29","date_gmt":"2023-01-08T17:39:29","guid":{"rendered":"http:\/\/miwi-raumkonzept.de\/wp\/?page_id=931"},"modified":"2023-01-08T18:52:41","modified_gmt":"2023-01-08T17:52:41","slug":"wettbewerb-best-of-interior-2022-callwey-verlag-2022","status":"publish","type":"page","link":"https:\/\/miwi-raumkonzept.de\/wp\/wettbewerb-best-of-interior-2022-callwey-verlag-2022\/","title":{"rendered":"Wettbewerb  &#8222;Best of Interior 2022&#8220; &#8211; Callwey Verlag &#8211; 2022"},"content":{"rendered":"\n<p style=\"font-size:24px\">&#8222;Generationen unter einem Dach&#8220; <\/p>\n\n\n\n<p class=\"has-medium-font-size\"><strong>Umbau, Erweiterung &amp; Sanierung eines EFH<\/strong><\/p>\n\n\n\n<p>Eher spontan, als geplant, habe ich im Januar 2022 beim Wettbewerb, \u201eBest of Interior 2022\u201c, ausgeschrieben von Callwey Verlag , teilgenommen.<br>Unter die Besten 50 Interiors habe ich es leider nicht geschafft, aber immerhin auf die Long-List im Buch.<br>Einen gro\u00dfes DANKE SCH\u00d6N an alle, die dies m\u00f6glich gemacht haben.<\/p>\n\n\n\n<figure class=\"wp-block-image size-large is-resized\"><img loading=\"lazy\" decoding=\"async\" src=\"http:\/\/miwi-raumkonzept.de\/wp\/wp-content\/uploads\/2023\/01\/IMG_8687-2-768x1024.jpg\" alt=\"\" class=\"wp-image-921\" width=\"269\" height=\"358\" srcset=\"https:\/\/miwi-raumkonzept.de\/wp\/wp-content\/uploads\/2023\/01\/IMG_8687-2-768x1024.jpg 768w, https:\/\/miwi-raumkonzept.de\/wp\/wp-content\/uploads\/2023\/01\/IMG_8687-2-225x300.jpg 225w, https:\/\/miwi-raumkonzept.de\/wp\/wp-content\/uploads\/2023\/01\/IMG_8687-2-1152x1536.jpg 1152w, https:\/\/miwi-raumkonzept.de\/wp\/wp-content\/uploads\/2023\/01\/IMG_8687-2-1536x2048.jpg 1536w, https:\/\/miwi-raumkonzept.de\/wp\/wp-content\/uploads\/2023\/01\/IMG_8687-2-350x467.jpg 350w, https:\/\/miwi-raumkonzept.de\/wp\/wp-content\/uploads\/2023\/01\/IMG_8687-2-scaled.jpg 1920w\" sizes=\"(max-width: 269px) 100vw, 269px\" \/><\/figure>\n\n\n\n<p><\/p>\n\n\n\n<figure class=\"wp-block-image size-large is-resized\"><img loading=\"lazy\" decoding=\"async\" src=\"http:\/\/miwi-raumkonzept.de\/wp\/wp-content\/uploads\/2023\/01\/IMG_8688-1-778x1024.jpg\" alt=\"\" class=\"wp-image-922\" width=\"542\" height=\"713\" srcset=\"https:\/\/miwi-raumkonzept.de\/wp\/wp-content\/uploads\/2023\/01\/IMG_8688-1-778x1024.jpg 778w, https:\/\/miwi-raumkonzept.de\/wp\/wp-content\/uploads\/2023\/01\/IMG_8688-1-228x300.jpg 228w, https:\/\/miwi-raumkonzept.de\/wp\/wp-content\/uploads\/2023\/01\/IMG_8688-1-768x1011.jpg 768w, https:\/\/miwi-raumkonzept.de\/wp\/wp-content\/uploads\/2023\/01\/IMG_8688-1-1167x1536.jpg 1167w, https:\/\/miwi-raumkonzept.de\/wp\/wp-content\/uploads\/2023\/01\/IMG_8688-1-1556x2048.jpg 1556w, https:\/\/miwi-raumkonzept.de\/wp\/wp-content\/uploads\/2023\/01\/IMG_8688-1-350x461.jpg 350w, https:\/\/miwi-raumkonzept.de\/wp\/wp-content\/uploads\/2023\/01\/IMG_8688-1-scaled.jpg 1945w\" sizes=\"(max-width: 542px) 100vw, 542px\" \/><\/figure>\n\n\n\n<p><\/p>\n\n\n\n<p><strong>Die Aufgabe<\/strong><\/p>\n\n\n\n<p>Das Ende der 1980-Jahre errichtete EFH in Westfalen, sollte den &#8222;gewachsenen&#8220; Anforderungen einer Familie angepasst werden. Der Wunsch der Bauherrn war es, zwei eigenst\u00e4ndige Wohneinheiten zu schaffen, die dennoch Raum lassen f\u00fcr ein gemeinsames Miteinander.<\/p>\n\n\n\n<p><\/p>\n\n\n\n<p><strong>Die Umsetzung<\/strong><\/p>\n\n\n\n<p>Im EG, bei den Eltern, war der Wunsch, m\u00f6glichst barrierefrei und lange selbstbestimmt wohnen und leben zu k\u00f6nnen. R\u00e4ume, Flure und T\u00fcren, sowie Bewegungsfl\u00e4chen wurden unter Ber\u00fccksichtigung dieser Anforderungen geplant. K\u00fcche, Esszimmer und Wohnzimmer k\u00f6nnen durch Schiebet\u00fcren getrennt werden. Die meist offenstehenden Schiebet\u00fcren vermitteln einen gro\u00dfz\u00fcgigen und weitl\u00e4ufigen Wohnbereich. Jedem dieser R\u00e4ume wurde durch eine Farbe ein individueller Charakter gegeben. Durch den durchlaufenden Mineraldruck Boden in Eiche Optik flie\u00dfen die R\u00e4ume ineinander \u00fcber. Die gro\u00dfe Fenster-Schiebet\u00fcr zum Garten wirkt wie ein \u00fcberdimensionales, lebendiges Wandbild, das die \u00dcberg\u00e4nge von au\u00dfen nach innen verschwimmen l\u00e4sst. <\/p>\n\n\n\n<figure class=\"wp-block-image size-large\"><img loading=\"lazy\" decoding=\"async\" width=\"1024\" height=\"610\" src=\"http:\/\/miwi-raumkonzept.de\/wp\/wp-content\/uploads\/2023\/01\/Screenshot-2023-01-08-180102-EG-1024x610.jpg\" alt=\"\" class=\"wp-image-909\" srcset=\"https:\/\/miwi-raumkonzept.de\/wp\/wp-content\/uploads\/2023\/01\/Screenshot-2023-01-08-180102-EG-1024x610.jpg 1024w, https:\/\/miwi-raumkonzept.de\/wp\/wp-content\/uploads\/2023\/01\/Screenshot-2023-01-08-180102-EG-300x179.jpg 300w, https:\/\/miwi-raumkonzept.de\/wp\/wp-content\/uploads\/2023\/01\/Screenshot-2023-01-08-180102-EG-768x457.jpg 768w, https:\/\/miwi-raumkonzept.de\/wp\/wp-content\/uploads\/2023\/01\/Screenshot-2023-01-08-180102-EG-1536x914.jpg 1536w, https:\/\/miwi-raumkonzept.de\/wp\/wp-content\/uploads\/2023\/01\/Screenshot-2023-01-08-180102-EG-350x208.jpg 350w, https:\/\/miwi-raumkonzept.de\/wp\/wp-content\/uploads\/2023\/01\/Screenshot-2023-01-08-180102-EG.jpg 1937w\" sizes=\"(max-width: 767px) 89vw, (max-width: 1000px) 54vw, (max-width: 1071px) 543px, 580px\" \/><figcaption class=\"wp-element-caption\">Grundriss Erdgeschoss<\/figcaption><\/figure>\n\n\n\n<figure class=\"wp-block-image size-large\"><img loading=\"lazy\" decoding=\"async\" width=\"1024\" height=\"623\" src=\"http:\/\/miwi-raumkonzept.de\/wp\/wp-content\/uploads\/2023\/01\/hb2324_foto_2_Generationen-unter-einem-Dach_49497-1024x623.jpg\" alt=\"\" class=\"wp-image-894\" srcset=\"https:\/\/miwi-raumkonzept.de\/wp\/wp-content\/uploads\/2023\/01\/hb2324_foto_2_Generationen-unter-einem-Dach_49497-1024x623.jpg 1024w, https:\/\/miwi-raumkonzept.de\/wp\/wp-content\/uploads\/2023\/01\/hb2324_foto_2_Generationen-unter-einem-Dach_49497-300x182.jpg 300w, https:\/\/miwi-raumkonzept.de\/wp\/wp-content\/uploads\/2023\/01\/hb2324_foto_2_Generationen-unter-einem-Dach_49497-768x467.jpg 768w, https:\/\/miwi-raumkonzept.de\/wp\/wp-content\/uploads\/2023\/01\/hb2324_foto_2_Generationen-unter-einem-Dach_49497-1536x934.jpg 1536w, https:\/\/miwi-raumkonzept.de\/wp\/wp-content\/uploads\/2023\/01\/hb2324_foto_2_Generationen-unter-einem-Dach_49497-2048x1245.jpg 2048w, https:\/\/miwi-raumkonzept.de\/wp\/wp-content\/uploads\/2023\/01\/hb2324_foto_2_Generationen-unter-einem-Dach_49497-350x213.jpg 350w\" sizes=\"(max-width: 767px) 89vw, (max-width: 1000px) 54vw, (max-width: 1071px) 543px, 580px\" \/><figcaption class=\"wp-element-caption\">Blick vom Wohnzimmer ins Esszimmer<\/figcaption><\/figure>\n\n\n\n<figure class=\"wp-block-image size-large\"><img loading=\"lazy\" decoding=\"async\" width=\"1024\" height=\"614\" src=\"http:\/\/miwi-raumkonzept.de\/wp\/wp-content\/uploads\/2023\/01\/cropped-hb2324_foto_4_Generationen-unter-einem-Dach_49497-scaled-1-1024x614.jpg\" alt=\"\" class=\"wp-image-903\" srcset=\"https:\/\/miwi-raumkonzept.de\/wp\/wp-content\/uploads\/2023\/01\/cropped-hb2324_foto_4_Generationen-unter-einem-Dach_49497-scaled-1-1024x614.jpg 1024w, https:\/\/miwi-raumkonzept.de\/wp\/wp-content\/uploads\/2023\/01\/cropped-hb2324_foto_4_Generationen-unter-einem-Dach_49497-scaled-1-300x180.jpg 300w, https:\/\/miwi-raumkonzept.de\/wp\/wp-content\/uploads\/2023\/01\/cropped-hb2324_foto_4_Generationen-unter-einem-Dach_49497-scaled-1-768x460.jpg 768w, https:\/\/miwi-raumkonzept.de\/wp\/wp-content\/uploads\/2023\/01\/cropped-hb2324_foto_4_Generationen-unter-einem-Dach_49497-scaled-1-1536x921.jpg 1536w, https:\/\/miwi-raumkonzept.de\/wp\/wp-content\/uploads\/2023\/01\/cropped-hb2324_foto_4_Generationen-unter-einem-Dach_49497-scaled-1-350x210.jpg 350w, https:\/\/miwi-raumkonzept.de\/wp\/wp-content\/uploads\/2023\/01\/cropped-hb2324_foto_4_Generationen-unter-einem-Dach_49497-scaled-1.jpg 2000w\" sizes=\"(max-width: 767px) 89vw, (max-width: 1000px) 54vw, (max-width: 1071px) 543px, 580px\" \/><figcaption class=\"wp-element-caption\">K\u00fcche<\/figcaption><\/figure>\n\n\n\n<figure class=\"wp-block-image size-large\"><img loading=\"lazy\" decoding=\"async\" width=\"1024\" height=\"768\" src=\"http:\/\/miwi-raumkonzept.de\/wp\/wp-content\/uploads\/2023\/01\/hb2324_foto_3_Generationen-unter-einem-Dach_49497-1024x768.jpg\" alt=\"\" class=\"wp-image-910\" srcset=\"https:\/\/miwi-raumkonzept.de\/wp\/wp-content\/uploads\/2023\/01\/hb2324_foto_3_Generationen-unter-einem-Dach_49497-1024x768.jpg 1024w, https:\/\/miwi-raumkonzept.de\/wp\/wp-content\/uploads\/2023\/01\/hb2324_foto_3_Generationen-unter-einem-Dach_49497-300x225.jpg 300w, https:\/\/miwi-raumkonzept.de\/wp\/wp-content\/uploads\/2023\/01\/hb2324_foto_3_Generationen-unter-einem-Dach_49497-768x576.jpg 768w, https:\/\/miwi-raumkonzept.de\/wp\/wp-content\/uploads\/2023\/01\/hb2324_foto_3_Generationen-unter-einem-Dach_49497-1536x1152.jpg 1536w, https:\/\/miwi-raumkonzept.de\/wp\/wp-content\/uploads\/2023\/01\/hb2324_foto_3_Generationen-unter-einem-Dach_49497-2048x1536.jpg 2048w, https:\/\/miwi-raumkonzept.de\/wp\/wp-content\/uploads\/2023\/01\/hb2324_foto_3_Generationen-unter-einem-Dach_49497-350x262.jpg 350w\" sizes=\"(max-width: 767px) 89vw, (max-width: 1000px) 54vw, (max-width: 1071px) 543px, 580px\" \/><figcaption class=\"wp-element-caption\">Esszimmer<\/figcaption><\/figure>\n\n\n\n<p><\/p>\n\n\n\n<p>Im OG, bei Tochter und Enkel, entstand ein ineinander \u00fcbergehender Wohn-Ess-Kochbereich als Mittelpunkt der Wohnung. Von hier gelangt man auf die gro\u00dfz\u00fcgige Dachterrasse. Eine Au\u00dfentreppe erm\u00f6glicht den direkten Zugang zum eigenen Garten, der mit zur oberen Wohnung geh\u00f6rt. Das Kinderzimmer wurde nach den W\u00fcnschen des Enkels gestaltet. Das Schlafzimmer bekam auf Wunsch der Tochter einen begehbaren Kleiderschrank, der \u00fcber eine Treppe bis in den Dachraum reicht. Vom B\u00fcro erreicht man \u00fcber eine weitere Raumspartreppe den restlichen Dachraum, der als Stauraum genutzt wird. Durch das Kr\u00fcppel-Walm-Mansard-Dach, als Warmdach, wird jeder Quadratmeter Raum optimal ausgenutzt. Erschlossen werden die beiden Einheiten im EG \u00fcber einen gemeinsam genutzten Zugang mit Vorflur.<\/p>\n\n\n\n<figure class=\"wp-block-image size-large\"><img loading=\"lazy\" decoding=\"async\" width=\"1024\" height=\"578\" src=\"http:\/\/miwi-raumkonzept.de\/wp\/wp-content\/uploads\/2023\/01\/Screenshot-2023-01-08-180039-DG-1024x578.jpg\" alt=\"\" class=\"wp-image-912\" srcset=\"https:\/\/miwi-raumkonzept.de\/wp\/wp-content\/uploads\/2023\/01\/Screenshot-2023-01-08-180039-DG-1024x578.jpg 1024w, https:\/\/miwi-raumkonzept.de\/wp\/wp-content\/uploads\/2023\/01\/Screenshot-2023-01-08-180039-DG-300x169.jpg 300w, https:\/\/miwi-raumkonzept.de\/wp\/wp-content\/uploads\/2023\/01\/Screenshot-2023-01-08-180039-DG-768x434.jpg 768w, https:\/\/miwi-raumkonzept.de\/wp\/wp-content\/uploads\/2023\/01\/Screenshot-2023-01-08-180039-DG-1536x867.jpg 1536w, https:\/\/miwi-raumkonzept.de\/wp\/wp-content\/uploads\/2023\/01\/Screenshot-2023-01-08-180039-DG-350x198.jpg 350w, https:\/\/miwi-raumkonzept.de\/wp\/wp-content\/uploads\/2023\/01\/Screenshot-2023-01-08-180039-DG.jpg 1792w\" sizes=\"(max-width: 767px) 89vw, (max-width: 1000px) 54vw, (max-width: 1071px) 543px, 580px\" \/><figcaption class=\"wp-element-caption\">Grundriss OG<\/figcaption><\/figure>\n\n\n\n<figure class=\"wp-block-image size-large\"><img loading=\"lazy\" decoding=\"async\" width=\"1024\" height=\"572\" src=\"http:\/\/miwi-raumkonzept.de\/wp\/wp-content\/uploads\/2023\/01\/hb2324_foto_5_Generationen-unter-einem-Dach_49497-1024x572.jpg\" alt=\"\" class=\"wp-image-896\" srcset=\"https:\/\/miwi-raumkonzept.de\/wp\/wp-content\/uploads\/2023\/01\/hb2324_foto_5_Generationen-unter-einem-Dach_49497-1024x572.jpg 1024w, https:\/\/miwi-raumkonzept.de\/wp\/wp-content\/uploads\/2023\/01\/hb2324_foto_5_Generationen-unter-einem-Dach_49497-300x167.jpg 300w, https:\/\/miwi-raumkonzept.de\/wp\/wp-content\/uploads\/2023\/01\/hb2324_foto_5_Generationen-unter-einem-Dach_49497-768x429.jpg 768w, https:\/\/miwi-raumkonzept.de\/wp\/wp-content\/uploads\/2023\/01\/hb2324_foto_5_Generationen-unter-einem-Dach_49497-1536x857.jpg 1536w, https:\/\/miwi-raumkonzept.de\/wp\/wp-content\/uploads\/2023\/01\/hb2324_foto_5_Generationen-unter-einem-Dach_49497-2048x1143.jpg 2048w, https:\/\/miwi-raumkonzept.de\/wp\/wp-content\/uploads\/2023\/01\/hb2324_foto_5_Generationen-unter-einem-Dach_49497-350x195.jpg 350w\" sizes=\"(max-width: 767px) 89vw, (max-width: 1000px) 54vw, (max-width: 1071px) 543px, 580px\" \/><figcaption class=\"wp-element-caption\">Wohn-Essbereich mit K\u00fcche im Hintergrund<\/figcaption><\/figure>\n\n\n\n<figure class=\"wp-block-image size-large\"><img loading=\"lazy\" decoding=\"async\" width=\"1024\" height=\"768\" src=\"http:\/\/miwi-raumkonzept.de\/wp\/wp-content\/uploads\/2023\/01\/hb2324_foto_6_Generationen-unter-einem-Dach_49497-1-1024x768.jpg\" alt=\"\" class=\"wp-image-914\" srcset=\"https:\/\/miwi-raumkonzept.de\/wp\/wp-content\/uploads\/2023\/01\/hb2324_foto_6_Generationen-unter-einem-Dach_49497-1-1024x768.jpg 1024w, https:\/\/miwi-raumkonzept.de\/wp\/wp-content\/uploads\/2023\/01\/hb2324_foto_6_Generationen-unter-einem-Dach_49497-1-300x225.jpg 300w, https:\/\/miwi-raumkonzept.de\/wp\/wp-content\/uploads\/2023\/01\/hb2324_foto_6_Generationen-unter-einem-Dach_49497-1-768x576.jpg 768w, https:\/\/miwi-raumkonzept.de\/wp\/wp-content\/uploads\/2023\/01\/hb2324_foto_6_Generationen-unter-einem-Dach_49497-1-1536x1152.jpg 1536w, https:\/\/miwi-raumkonzept.de\/wp\/wp-content\/uploads\/2023\/01\/hb2324_foto_6_Generationen-unter-einem-Dach_49497-1-2048x1536.jpg 2048w, https:\/\/miwi-raumkonzept.de\/wp\/wp-content\/uploads\/2023\/01\/hb2324_foto_6_Generationen-unter-einem-Dach_49497-1-350x263.jpg 350w\" sizes=\"(max-width: 767px) 89vw, (max-width: 1000px) 54vw, (max-width: 1071px) 543px, 580px\" \/><figcaption class=\"wp-element-caption\">K\u00fcche<\/figcaption><\/figure>\n\n\n\n<figure class=\"wp-block-image size-large\"><img loading=\"lazy\" decoding=\"async\" width=\"1024\" height=\"768\" src=\"http:\/\/miwi-raumkonzept.de\/wp\/wp-content\/uploads\/2023\/01\/hb2324_foto_8_Generationen-unter-einem-Dach_49497-1024x768.jpg\" alt=\"\" class=\"wp-image-916\" srcset=\"https:\/\/miwi-raumkonzept.de\/wp\/wp-content\/uploads\/2023\/01\/hb2324_foto_8_Generationen-unter-einem-Dach_49497-1024x768.jpg 1024w, https:\/\/miwi-raumkonzept.de\/wp\/wp-content\/uploads\/2023\/01\/hb2324_foto_8_Generationen-unter-einem-Dach_49497-300x225.jpg 300w, https:\/\/miwi-raumkonzept.de\/wp\/wp-content\/uploads\/2023\/01\/hb2324_foto_8_Generationen-unter-einem-Dach_49497-768x576.jpg 768w, https:\/\/miwi-raumkonzept.de\/wp\/wp-content\/uploads\/2023\/01\/hb2324_foto_8_Generationen-unter-einem-Dach_49497-1536x1152.jpg 1536w, https:\/\/miwi-raumkonzept.de\/wp\/wp-content\/uploads\/2023\/01\/hb2324_foto_8_Generationen-unter-einem-Dach_49497-2048x1536.jpg 2048w, https:\/\/miwi-raumkonzept.de\/wp\/wp-content\/uploads\/2023\/01\/hb2324_foto_8_Generationen-unter-einem-Dach_49497-350x263.jpg 350w\" sizes=\"(max-width: 767px) 89vw, (max-width: 1000px) 54vw, (max-width: 1071px) 543px, 580px\" \/><figcaption class=\"wp-element-caption\">Kinderzimmer<\/figcaption><\/figure>\n\n\n\n<figure class=\"wp-block-image size-large\"><img loading=\"lazy\" decoding=\"async\" width=\"1024\" height=\"785\" src=\"http:\/\/miwi-raumkonzept.de\/wp\/wp-content\/uploads\/2023\/01\/hb2324_foto_7_Generationen-unter-einem-Dach_49497-1024x785.jpg\" alt=\"\" class=\"wp-image-915\" srcset=\"https:\/\/miwi-raumkonzept.de\/wp\/wp-content\/uploads\/2023\/01\/hb2324_foto_7_Generationen-unter-einem-Dach_49497-1024x785.jpg 1024w, https:\/\/miwi-raumkonzept.de\/wp\/wp-content\/uploads\/2023\/01\/hb2324_foto_7_Generationen-unter-einem-Dach_49497-300x230.jpg 300w, https:\/\/miwi-raumkonzept.de\/wp\/wp-content\/uploads\/2023\/01\/hb2324_foto_7_Generationen-unter-einem-Dach_49497-768x588.jpg 768w, https:\/\/miwi-raumkonzept.de\/wp\/wp-content\/uploads\/2023\/01\/hb2324_foto_7_Generationen-unter-einem-Dach_49497-1536x1177.jpg 1536w, https:\/\/miwi-raumkonzept.de\/wp\/wp-content\/uploads\/2023\/01\/hb2324_foto_7_Generationen-unter-einem-Dach_49497-2048x1569.jpg 2048w, https:\/\/miwi-raumkonzept.de\/wp\/wp-content\/uploads\/2023\/01\/hb2324_foto_7_Generationen-unter-einem-Dach_49497-350x268.jpg 350w\" sizes=\"(max-width: 767px) 89vw, (max-width: 1000px) 54vw, (max-width: 1071px) 543px, 580px\" \/><figcaption class=\"wp-element-caption\">Dachterrasse<\/figcaption><\/figure>\n","protected":false},"excerpt":{"rendered":"<p>&#8222;Generationen unter einem Dach&#8220; Umbau, Erweiterung &amp; Sanierung eines EFH Eher spontan, als geplant, habe ich im Januar 2022 beim Wettbewerb, \u201eBest of Interior 2022\u201c, ausgeschrieben von Callwey Verlag , teilgenommen.Unter die Besten 50 Interiors habe ich es leider nicht geschafft, aber immerhin auf die Long-List im Buch.Einen gro\u00dfes DANKE SCH\u00d6N an alle, die dies &hellip; <\/p>\n<p class=\"link-more\"><a href=\"https:\/\/miwi-raumkonzept.de\/wp\/wettbewerb-best-of-interior-2022-callwey-verlag-2022\/\" class=\"more-link\"><span class=\"screen-reader-text\">\u201eWettbewerb  &#8222;Best of Interior 2022&#8220; &#8211; Callwey Verlag &#8211; 2022\u201c<\/span> weiterlesen<\/a><\/p>\n","protected":false},"author":2,"featured_media":0,"parent":0,"menu_order":0,"comment_status":"closed","ping_status":"closed","template":"","meta":{"footnotes":""},"_links":{"self":[{"href":"https:\/\/miwi-raumkonzept.de\/wp\/wp-json\/wp\/v2\/pages\/931"}],"collection":[{"href":"https:\/\/miwi-raumkonzept.de\/wp\/wp-json\/wp\/v2\/pages"}],"about":[{"href":"https:\/\/miwi-raumkonzept.de\/wp\/wp-json\/wp\/v2\/types\/page"}],"author":[{"embeddable":true,"href":"https:\/\/miwi-raumkonzept.de\/wp\/wp-json\/wp\/v2\/users\/2"}],"replies":[{"embeddable":true,"href":"https:\/\/miwi-raumkonzept.de\/wp\/wp-json\/wp\/v2\/comments?post=931"}],"version-history":[{"count":4,"href":"https:\/\/miwi-raumkonzept.de\/wp\/wp-json\/wp\/v2\/pages\/931\/revisions"}],"predecessor-version":[{"id":939,"href":"https:\/\/miwi-raumkonzept.de\/wp\/wp-json\/wp\/v2\/pages\/931\/revisions\/939"}],"wp:attachment":[{"href":"https:\/\/miwi-raumkonzept.de\/wp\/wp-json\/wp\/v2\/media?parent=931"}],"curies":[{"name":"wp","href":"https:\/\/api.w.org\/{rel}","templated":true}]}}