{"id":741,"date":"2018-08-31T15:33:06","date_gmt":"2018-08-31T13:33:06","guid":{"rendered":"http:\/\/miwi-raumkonzept.de\/wp\/?page_id=741"},"modified":"2018-10-14T22:34:08","modified_gmt":"2018-10-14T20:34:08","slug":"barschrank-gesellenstueck-2005","status":"publish","type":"page","link":"https:\/\/miwi-raumkonzept.de\/wp\/barschrank-gesellenstueck-2005\/","title":{"rendered":"Gesellenst\u00fcck 2005 &#8211; Barschrank"},"content":{"rendered":"<h2>Auge f\u00fcr Details und ein Gesp\u00fcr f\u00fcr Form und Material<\/h2>\n<p><img loading=\"lazy\" decoding=\"async\" class=\"alignnone wp-image-477 size-medium\" src=\"http:\/\/miwi-raumkonzept.de\/wp\/wp-content\/uploads\/2018\/04\/IMGP0791-225x300.jpg\" alt=\"\" width=\"225\" height=\"300\" srcset=\"https:\/\/miwi-raumkonzept.de\/wp\/wp-content\/uploads\/2018\/04\/IMGP0791-225x300.jpg 225w, https:\/\/miwi-raumkonzept.de\/wp\/wp-content\/uploads\/2018\/04\/IMGP0791-350x467.jpg 350w, https:\/\/miwi-raumkonzept.de\/wp\/wp-content\/uploads\/2018\/04\/IMGP0791-768x1024.jpg 768w, https:\/\/miwi-raumkonzept.de\/wp\/wp-content\/uploads\/2018\/04\/IMGP0791.jpg 1200w\" sizes=\"(max-width: 225px) 100vw, 225px\" \/><img loading=\"lazy\" decoding=\"async\" class=\"alignnone size-medium wp-image-723\" src=\"http:\/\/miwi-raumkonzept.de\/wp\/wp-content\/uploads\/2018\/08\/IMGP0795-225x300.jpg\" alt=\"\" width=\"225\" height=\"300\" srcset=\"https:\/\/miwi-raumkonzept.de\/wp\/wp-content\/uploads\/2018\/08\/IMGP0795-225x300.jpg 225w, https:\/\/miwi-raumkonzept.de\/wp\/wp-content\/uploads\/2018\/08\/IMGP0795-350x467.jpg 350w, https:\/\/miwi-raumkonzept.de\/wp\/wp-content\/uploads\/2018\/08\/IMGP0795-768x1024.jpg 768w, https:\/\/miwi-raumkonzept.de\/wp\/wp-content\/uploads\/2018\/08\/IMGP0795.jpg 1200w\" sizes=\"(max-width: 225px) 100vw, 225px\" \/><\/p>\n<p>Durch meine Lehrzeit konnte ich in viele Aspekte des Schreinerhandwerks Einblick nehmen. Hier habe ich viele Erfahrungen sammeln d\u00fcrfen, die nicht nur f\u00fcr meine gestalterische Entwicklung wichtig waren, sondern mir auch ein Verst\u00e4ndnis von Funktionund Konstruktion vermittelten. Dabei habe ich gelernt wie komplex ein einfach scheinendes M\u00f6bel sein kann. Dank der gro\u00dfen Bandbreite an Planungsleistungen, die mein Lehrbetrieb bietet, habe ich in viele unterschiedliche Disziplinen des Schreinerhandwerks Einblick erhalten. Mein Barschrank aus amerikanischem Zuckerahorn furniert, mit blauen Glaseinlagen, beleuchteten Seitenwangen und umlaufendem Aluprofilen ist das Ergebnis meiner Lehrzeit. Der Gesamter Korpus ist auf Gehrung verleimt. Verarbeitung und Planung von Aluminium, Edelstahl, Glas und Holz.<\/p>\n<p><img loading=\"lazy\" decoding=\"async\" class=\"alignnone size-medium wp-image-480\" src=\"http:\/\/miwi-raumkonzept.de\/wp\/wp-content\/uploads\/2018\/04\/IMGP3412-225x300.jpg\" alt=\"\" width=\"225\" height=\"300\" srcset=\"https:\/\/miwi-raumkonzept.de\/wp\/wp-content\/uploads\/2018\/04\/IMGP3412-225x300.jpg 225w, https:\/\/miwi-raumkonzept.de\/wp\/wp-content\/uploads\/2018\/04\/IMGP3412-350x467.jpg 350w, https:\/\/miwi-raumkonzept.de\/wp\/wp-content\/uploads\/2018\/04\/IMGP3412-768x1024.jpg 768w, https:\/\/miwi-raumkonzept.de\/wp\/wp-content\/uploads\/2018\/04\/IMGP3412.jpg 1200w\" sizes=\"(max-width: 225px) 100vw, 225px\" \/> <img loading=\"lazy\" decoding=\"async\" class=\"alignnone size-medium wp-image-479\" src=\"http:\/\/miwi-raumkonzept.de\/wp\/wp-content\/uploads\/2018\/04\/IMGP3411-225x300.jpg\" alt=\"\" width=\"225\" height=\"300\" srcset=\"https:\/\/miwi-raumkonzept.de\/wp\/wp-content\/uploads\/2018\/04\/IMGP3411-225x300.jpg 225w, https:\/\/miwi-raumkonzept.de\/wp\/wp-content\/uploads\/2018\/04\/IMGP3411-350x467.jpg 350w, https:\/\/miwi-raumkonzept.de\/wp\/wp-content\/uploads\/2018\/04\/IMGP3411-768x1024.jpg 768w, https:\/\/miwi-raumkonzept.de\/wp\/wp-content\/uploads\/2018\/04\/IMGP3411.jpg 1200w\" sizes=\"(max-width: 225px) 100vw, 225px\" \/><\/p>\n<p>Lehrbetrieb: G\u00fcnter Speckemeyer &#8211; https:\/\/speckemeyer.de\/<\/p>\n","protected":false},"excerpt":{"rendered":"<p>Auge f\u00fcr Details und ein Gesp\u00fcr f\u00fcr Form und Material Durch meine Lehrzeit konnte ich in viele Aspekte des Schreinerhandwerks Einblick nehmen. Hier habe ich viele Erfahrungen sammeln d\u00fcrfen, die nicht nur f\u00fcr meine gestalterische Entwicklung wichtig waren, sondern mir auch ein Verst\u00e4ndnis von Funktionund Konstruktion vermittelten. Dabei habe ich gelernt wie komplex ein einfach &hellip; <\/p>\n<p class=\"link-more\"><a href=\"https:\/\/miwi-raumkonzept.de\/wp\/barschrank-gesellenstueck-2005\/\" class=\"more-link\"><span class=\"screen-reader-text\">\u201eGesellenst\u00fcck 2005 &#8211; Barschrank\u201c<\/span> weiterlesen<\/a><\/p>\n","protected":false},"author":2,"featured_media":0,"parent":0,"menu_order":0,"comment_status":"closed","ping_status":"closed","template":"","meta":{"footnotes":""},"_links":{"self":[{"href":"https:\/\/miwi-raumkonzept.de\/wp\/wp-json\/wp\/v2\/pages\/741"}],"collection":[{"href":"https:\/\/miwi-raumkonzept.de\/wp\/wp-json\/wp\/v2\/pages"}],"about":[{"href":"https:\/\/miwi-raumkonzept.de\/wp\/wp-json\/wp\/v2\/types\/page"}],"author":[{"embeddable":true,"href":"https:\/\/miwi-raumkonzept.de\/wp\/wp-json\/wp\/v2\/users\/2"}],"replies":[{"embeddable":true,"href":"https:\/\/miwi-raumkonzept.de\/wp\/wp-json\/wp\/v2\/comments?post=741"}],"version-history":[{"count":5,"href":"https:\/\/miwi-raumkonzept.de\/wp\/wp-json\/wp\/v2\/pages\/741\/revisions"}],"predecessor-version":[{"id":796,"href":"https:\/\/miwi-raumkonzept.de\/wp\/wp-json\/wp\/v2\/pages\/741\/revisions\/796"}],"wp:attachment":[{"href":"https:\/\/miwi-raumkonzept.de\/wp\/wp-json\/wp\/v2\/media?parent=741"}],"curies":[{"name":"wp","href":"https:\/\/api.w.org\/{rel}","templated":true}]}}